{"id":17,"date":"2024-12-11T18:01:10","date_gmt":"2024-12-11T18:01:10","guid":{"rendered":"https:\/\/www.apk-pflegedienst.de\/?page_id=17"},"modified":"2025-01-02T19:21:41","modified_gmt":"2025-01-02T19:21:41","slug":"jobs","status":"publish","type":"page","link":"https:\/\/www.apk-pflegedienst.de\/?page_id=17","title":{"rendered":"Jobs"},"content":{"rendered":"\n<h2 class=\"wp-block-heading has-text-align-center\">Wir suchen Dich!<\/h2>\n\n\n\n<p class=\"has-text-align-center\">Zu weiteren Unterst\u00fctzung suchen wir in Vollzeit \/ Teilzeit\/ Basis \/examinierte Pflegefachkr\u00e4fte (m\/w) f\u00fcr ambulanten Pflegedienst<br>am Standort Karlsruhe und W\u00f6rth.<\/p>\n\n\n\n<p class=\"has-text-align-center\"><strong>Ihr Profil:<\/strong><br><br>\u2022 Abgeschlossene Ausbildung zur Pflegefachkraft<br>\u2022 F\u00fchrerschein der Klasse B<br>\u2022 Von Vorteil: Berufserfahrung und Russischkenntnisse <\/p>\n\n\n\n<p class=\"has-text-align-center\"><strong>Wir bieten:<\/strong><br><br>Ein verantwortungsvolles Aufgabengebiet mit flexibler Arbeitszeitgestaltung und einer fairen Verg\u00fctung in einer famili\u00e4ren Atmosph\u00e4re.<\/p>\n\n\n\n<p><\/p>\n","protected":false},"excerpt":{"rendered":"<p>Wir suchen Dich! Zu weiteren Unterst\u00fctzung suchen wir in Vollzeit \/ Teilzeit\/ Basis \/examinierte Pflegefachkr\u00e4fte (m\/w) f\u00fcr ambulanten Pflegedienstam Standort Karlsruhe und W\u00f6rth. Ihr Profil: \u2022 Abgeschlossene Ausbildung zur Pflegefachkraft\u2022 F\u00fchrerschein der Klasse B\u2022 Von Vorteil: Berufserfahrung und Russischkenntnisse Wir bieten: Ein verantwortungsvolles Aufgabengebiet mit flexibler Arbeitszeitgestaltung und einer fairen Verg\u00fctung in einer famili\u00e4ren Atmosph\u00e4re.<\/p>\n","protected":false},"author":1,"featured_media":0,"parent":0,"menu_order":0,"comment_status":"closed","ping_status":"closed","template":"","meta":{"footnotes":""},"class_list":["post-17","page","type-page","status-publish","hentry"],"_links":{"self":[{"href":"https:\/\/www.apk-pflegedienst.de\/index.php?rest_route=\/wp\/v2\/pages\/17","targetHints":{"allow":["GET"]}}],"collection":[{"href":"https:\/\/www.apk-pflegedienst.de\/index.php?rest_route=\/wp\/v2\/pages"}],"about":[{"href":"https:\/\/www.apk-pflegedienst.de\/index.php?rest_route=\/wp\/v2\/types\/page"}],"author":[{"embeddable":true,"href":"https:\/\/www.apk-pflegedienst.de\/index.php?rest_route=\/wp\/v2\/users\/1"}],"replies":[{"embeddable":true,"href":"https:\/\/www.apk-pflegedienst.de\/index.php?rest_route=%2Fwp%2Fv2%2Fcomments&post=17"}],"version-history":[{"count":3,"href":"https:\/\/www.apk-pflegedienst.de\/index.php?rest_route=\/wp\/v2\/pages\/17\/revisions"}],"predecessor-version":[{"id":47,"href":"https:\/\/www.apk-pflegedienst.de\/index.php?rest_route=\/wp\/v2\/pages\/17\/revisions\/47"}],"wp:attachment":[{"href":"https:\/\/www.apk-pflegedienst.de\/index.php?rest_route=%2Fwp%2Fv2%2Fmedia&parent=17"}],"curies":[{"name":"wp","href":"https:\/\/api.w.org\/{rel}","templated":true}]}}