{"id":36,"date":"2024-12-12T11:46:30","date_gmt":"2024-12-12T11:46:30","guid":{"rendered":"https:\/\/www.alpha-pforzheim.de\/?page_id=36"},"modified":"2025-01-02T19:21:38","modified_gmt":"2025-01-02T19:21:38","slug":"impressum","status":"publish","type":"page","link":"https:\/\/www.apk-pflegedienst.de\/?page_id=36","title":{"rendered":"Impressum"},"content":{"rendered":"\n<p><strong>APK Pflegedienst GmbH<\/strong><br>Reinhold-Frank-Str. 1<br>76133 Karlsruhe<br><br>HR-Stadt: Mannheim<br>HR-Nummer: HRB719786<br>Gesch\u00e4ftsf\u00fchrer: Anatolij Gusakov<br>St.-Nr.: 35005\/14716<br><br>eMail: info [AT] apk-pflegedienst.de<br><br><strong>Datenschutzbeauftragter: Alex Geringer<\/strong><br><br><strong>Verantwortlich f\u00fcr den Inhalt gem\u00e4\u00df \u00a710 Abs. 3 MDStV.<\/strong><br><strong>APK Pflegedienst GmbH<\/strong>, Reinhold-Frank-Str. 1, 76133 Karlsruhe<br>\u00c4nderungen und Irrt\u00fcmer vorbehalten.<br><\/p>\n\n\n\n<h3 class=\"wp-block-heading\">Rechtliche Hinweise<\/h3>\n\n\n\n<p><strong>Copyright<\/strong><br>Die <strong>APK Pflegedienst GmbH<\/strong> bzw. die apk-pflegedienst.de besitzen das Copyright f\u00fcr die Inhalte des Portals, wenn nicht anders gekennzeichnet. Eine \u00dcbernahme von Textinhalten und Designelementen bedarf der ausdr\u00fccklichen Genehmigung. Downloads und Kopien der Inhalte sind nur f\u00fcr den privaten Gebrauch gestattet.<br><br><strong>Externe Links<\/strong><br>Das Internetportal enth\u00e4lt zahlreiche Links zu anderen Informationsangeboten und Institutionen, die als erg\u00e4nzende Hinweise angeboten werden. Die Atlant Einzelhandels GmbH bzw. atlantexpress.de ist nicht verantwortlich f\u00fcr deren Inhalte.<br><br><strong>Werbung und Sponsoren<\/strong><br>Das Internetportal der <strong>APK Pflegedienst GmbH<\/strong> bzw. apk-pflegedienst.de ist redaktionell unabh\u00e4ngig. d.h. Sponsoren und Werbepartner haben keinen Einfluss auf die inhaltlichen Aussagen der Seiten.<br><br>In einigen Bereichen dieser Website befinden sich Informationen, die die <strong>APK Pflegedienst GmbH<\/strong> bzw. apk-pflegedienst.de ausschlie\u00dflich mit Hilfe von Sponsoren zur Verf\u00fcgung stellen kann. Auch bei diesen Informationen erfolgt die konsequente redaktionelle Trennung von unabh\u00e4ngigen Textinhalten und Sponsorenhinweis. Die gesponserten Seiten sind in jedem Fall mit einem Sponsorhinweis versehen somit f\u00fcr alle User deutlich erkennbar.<br><br>Jegliche Art der Integration von Reklame in die Seiteninhalte wird als solche ebenfalls unmissverst\u00e4ndlich gekennzeichnet (z.B. durch das Logo des Werbepartners und\/oder einem Sponsorlink am Ende der Seite).<\/p>\n","protected":false},"excerpt":{"rendered":"<p>APK Pflegedienst GmbHReinhold-Frank-Str. 176133 Karlsruhe HR-Stadt: MannheimHR-Nummer: HRB719786Gesch\u00e4ftsf\u00fchrer: Anatolij GusakovSt.-Nr.: 35005\/14716 eMail: info [AT] apk-pflegedienst.de Datenschutzbeauftragter: Alex Geringer Verantwortlich f\u00fcr den Inhalt gem\u00e4\u00df \u00a710 Abs. 3 MDStV.APK Pflegedienst GmbH, Reinhold-Frank-Str. 1, 76133 Karlsruhe\u00c4nderungen und Irrt\u00fcmer vorbehalten. Rechtliche Hinweise CopyrightDie APK Pflegedienst GmbH bzw. die apk-pflegedienst.de besitzen das Copyright f\u00fcr die Inhalte des Portals, wenn nicht [&hellip;]<\/p>\n","protected":false},"author":1,"featured_media":0,"parent":0,"menu_order":0,"comment_status":"closed","ping_status":"closed","template":"","meta":{"footnotes":""},"class_list":["post-36","page","type-page","status-publish","hentry"],"_links":{"self":[{"href":"https:\/\/www.apk-pflegedienst.de\/index.php?rest_route=\/wp\/v2\/pages\/36","targetHints":{"allow":["GET"]}}],"collection":[{"href":"https:\/\/www.apk-pflegedienst.de\/index.php?rest_route=\/wp\/v2\/pages"}],"about":[{"href":"https:\/\/www.apk-pflegedienst.de\/index.php?rest_route=\/wp\/v2\/types\/page"}],"author":[{"embeddable":true,"href":"https:\/\/www.apk-pflegedienst.de\/index.php?rest_route=\/wp\/v2\/users\/1"}],"replies":[{"embeddable":true,"href":"https:\/\/www.apk-pflegedienst.de\/index.php?rest_route=%2Fwp%2Fv2%2Fcomments&post=36"}],"version-history":[{"count":2,"href":"https:\/\/www.apk-pflegedienst.de\/index.php?rest_route=\/wp\/v2\/pages\/36\/revisions"}],"predecessor-version":[{"id":59,"href":"https:\/\/www.apk-pflegedienst.de\/index.php?rest_route=\/wp\/v2\/pages\/36\/revisions\/59"}],"wp:attachment":[{"href":"https:\/\/www.apk-pflegedienst.de\/index.php?rest_route=%2Fwp%2Fv2%2Fmedia&parent=36"}],"curies":[{"name":"wp","href":"https:\/\/api.w.org\/{rel}","templated":true}]}}