{"id":7,"date":"2024-12-11T17:59:20","date_gmt":"2024-12-11T17:59:20","guid":{"rendered":"https:\/\/www.apk-pflegedienst.de\/?page_id=7"},"modified":"2024-12-12T14:28:11","modified_gmt":"2024-12-12T14:28:11","slug":"ueber-uns","status":"publish","type":"page","link":"https:\/\/www.apk-pflegedienst.de\/?page_id=7","title":{"rendered":"\u00dcber Uns"},"content":{"rendered":"\n<p><strong>Philosophie<\/strong><\/p>\n\n\n\n<p>Unser Ziel ist es, uns achtungsvoll um unsere Klienten zu k\u00fcmmern und ihnen im Alltagsleben zu helfen. Insbesondere dann, wenn sie mit der Tatsache konfrontiert werden, dass sie nicht mehr selbstst\u00e4ndig den Alltag meistern k\u00f6nnen. Jedoch m\u00f6chten wir trotz der Hilfsbed\u00fcrftigkeit unserer Klienten deren eigenst\u00e4ndiges und unabh\u00e4ngiges Leben sichern und ihre Lebensqualit\u00e4t h\u00f6chstm\u00f6glich erhalten. Dieses Prinzip verfolgen wir mit gro\u00dfer Hingabe und es bereitet uns eine gro\u00dfe Freude, unseren Klienten helfen zu k\u00f6nnen. So k\u00f6nnen wir es ihnen erm\u00f6glichen, in ihrer h\u00e4uslichen Umgebung zu bleiben und ihre gewohnte Lebensweise beizubehalten.<\/p>\n\n\n\n<p><strong>Unsere T\u00e4tigkeit<\/strong><\/p>\n\n\n\n<p>Bei unserer T\u00e4tigkeit achten wir besonders auf die Entwicklung unserer Klienten, sodass sie so lange wie m\u00f6glich und so viel wie m\u00f6glich selbstst\u00e4ndig erledigen k\u00f6nnen und es auch d\u00fcrfen. Wir bieten ein weites Spektrum an umfassender und individueller Betreuung an. Dabei halten wir hohe Qualit\u00e4tsstandards ein und sichern diese durch kontinuierliche, professionelle Weiterbildungen unserer Mitarbeiter, die eine jahrelange Berufserfahrung mitbringen. Wir bieten ganzheitliche und gr\u00f6\u00dftm\u00f6gliche Unterst\u00fctzung an und gew\u00e4hrleisten ein hohes Ma\u00df an Sorgfalt und Pflichtbewusstsein.<\/p>\n\n\n\n<p>Die Bed\u00fcrfnisse unserer Klienten sind das Herzst\u00fcck unserer Arbeit.<br><br>Daher bieten wir ihnen Klienten an, dass sie:<\/p>\n\n\n\n<ul class=\"wp-block-list\">\n<li>weiterhin in ihrer gewohnten\/ h\u00e4uslichen Umgebung leben k\u00f6nnen.<\/li>\n\n\n\n<li>weiterhin in ihrem famili\u00e4ren Umfeld leben k\u00f6nnen und durch uns gepflegt und unterst\u00fctz werden.<\/li>\n\n\n\n<li>nicht einsam sind und immer einen Ansprechpartner haben, auch wenn sie alleine leben.<\/li>\n<\/ul>\n\n\n\n<p>Diese Leistungen erbringen wir mit F\u00fcrsorge und Respekt. Wir m\u00f6chten unseren Klienten mit voller Aufmerksamkeit und mit Verst\u00e4ndnis gegen\u00fcber treten. Denn besonders in der Altenpflege sind ein wertsch\u00e4tzender Umgang, Einf\u00fchlungsverm\u00f6gen und Vertrauen unverzichtbar. Um einen solchen Arbeitskontext zu schaffen, sind wir stets bestrebt unsere Klienten in ihrer Individualit\u00e4t wahrzunehmen und konzentrieren uns voll und ganz auf ihre jeweiligen Bed\u00fcrfnisse, Gewohnheiten und W\u00fcnsche.<\/p>\n","protected":false},"excerpt":{"rendered":"<p>Philosophie Unser Ziel ist es, uns achtungsvoll um unsere Klienten zu k\u00fcmmern und ihnen im Alltagsleben zu helfen. Insbesondere dann, wenn sie mit der Tatsache konfrontiert werden, dass sie nicht mehr selbstst\u00e4ndig den Alltag meistern k\u00f6nnen. Jedoch m\u00f6chten wir trotz der Hilfsbed\u00fcrftigkeit unserer Klienten deren eigenst\u00e4ndiges und unabh\u00e4ngiges Leben sichern und ihre Lebensqualit\u00e4t h\u00f6chstm\u00f6glich erhalten. [&hellip;]<\/p>\n","protected":false},"author":1,"featured_media":0,"parent":0,"menu_order":0,"comment_status":"closed","ping_status":"closed","template":"","meta":{"footnotes":""},"class_list":["post-7","page","type-page","status-publish","hentry"],"_links":{"self":[{"href":"https:\/\/www.apk-pflegedienst.de\/index.php?rest_route=\/wp\/v2\/pages\/7","targetHints":{"allow":["GET"]}}],"collection":[{"href":"https:\/\/www.apk-pflegedienst.de\/index.php?rest_route=\/wp\/v2\/pages"}],"about":[{"href":"https:\/\/www.apk-pflegedienst.de\/index.php?rest_route=\/wp\/v2\/types\/page"}],"author":[{"embeddable":true,"href":"https:\/\/www.apk-pflegedienst.de\/index.php?rest_route=\/wp\/v2\/users\/1"}],"replies":[{"embeddable":true,"href":"https:\/\/www.apk-pflegedienst.de\/index.php?rest_route=%2Fwp%2Fv2%2Fcomments&post=7"}],"version-history":[{"count":2,"href":"https:\/\/www.apk-pflegedienst.de\/index.php?rest_route=\/wp\/v2\/pages\/7\/revisions"}],"predecessor-version":[{"id":45,"href":"https:\/\/www.apk-pflegedienst.de\/index.php?rest_route=\/wp\/v2\/pages\/7\/revisions\/45"}],"wp:attachment":[{"href":"https:\/\/www.apk-pflegedienst.de\/index.php?rest_route=%2Fwp%2Fv2%2Fmedia&parent=7"}],"curies":[{"name":"wp","href":"https:\/\/api.w.org\/{rel}","templated":true}]}}