{"id":92,"date":"2026-05-15T18:45:04","date_gmt":"2026-05-15T18:45:04","guid":{"rendered":"https:\/\/www.apk-pflegedienst.de\/?page_id=92"},"modified":"2026-05-15T18:45:04","modified_gmt":"2026-05-15T18:45:04","slug":"24h-betreuung","status":"publish","type":"page","link":"https:\/\/www.apk-pflegedienst.de\/?page_id=92","title":{"rendered":"24h-Betreuung"},"content":{"rendered":"<h2><strong>24-Stunden-Betreuung \u2013 Rund um die Uhr gut versorgt<\/strong><\/h2>\n<p>Bei uns erhalten Sie eine <strong>24 Stunden Betreuung<\/strong> sowie <strong>Haushaltshilfe<\/strong> in den eigenen vier W\u00e4nden. Dies stellt eine optimale Alternative zu einem Altenpflegeheim. Wir k\u00fcmmern uns um alle Belange, die mir Ihrer <strong>Betreuung<\/strong> sowie Ihrer Haushaltsf\u00fchrung zu tun haben. Denn Sie sollen zu jederzeit eine gute h\u00e4usliche Versorgung erhalten, weshalb wir Angeh\u00f6rige bzw. Betroffene bei zahlreichen anfallenden Betreuungsformalit\u00e4ten unterst\u00fctzen bzw. f\u00fcr Sie \u00fcbernehmen, deutschsprachige<strong> Betreuer mit besten Qualifikationen<\/strong> vermitteln sowie deren Wechsel bei Bedarf einleiten. Unser Angebot reicht noch deutlich weiter, was im Folgenden genauer erl\u00e4utert werden soll.<\/p>\n<h2><strong>Individuelle Seniorenbetreuung \u2013 Wir sind f\u00fcr Sie da!<\/strong><\/h2>\n<p>Unsere <strong>Seniorenbetreuung<\/strong> bietet Ihnen ma\u00dfgeschneiderte Unterst\u00fctzung im Alltag. Ob <strong>Haushaltshilfe<\/strong>, Begleitung zu Arztterminen oder Gesellschaft \u2013 wir stehen Ihnen mit Herz und Kompetenz zur Seite. Unser Ziel ist es, Ihnen ein selbstbestimmtes und erf\u00fclltes Leben zu erm\u00f6glichen. Durch unsere individuell abgestimmten <strong>Betreuungsleistungen<\/strong> helfen wir Ihnen, den Alltag leichter zu gestalten und Ihre Lebensqualit\u00e4t zu erhalten.<\/p>\n<h2><strong>Haushaltshilfe f\u00fcr Senioren \u2013 Unterst\u00fctzung im Alltag<\/strong><\/h2>\n<p>Ein sauberer und gepflegter Haushalt tr\u00e4gt wesentlich zum Wohlbefinden bei. Wir helfen Ihnen bei allen anfallenden <strong>Haushaltsaufgaben<\/strong>, sei es Staubsaugen, W\u00e4sche waschen oder Eink\u00e4ufe erledigen. Unsere zuverl\u00e4ssigen Betreuungskr\u00e4fte unterst\u00fctzen Sie dort, wo Sie Hilfe ben\u00f6tigen, sodass Sie sich auf die sch\u00f6nen Dinge des Lebens konzentrieren k\u00f6nnen. Unser Service ist flexibel und wird individuell auf Ihre Bed\u00fcrfnisse abgestimmt. Mit unserer <strong>24-Stunden-Betreuung<\/strong> sind Sie zu jeder Zeit bestens versorgt. Unsere erfahrenen Betreuungskr\u00e4fte wohnen mit Ihnen zusammen und k\u00fcmmern sich liebevoll um Ihre individuellen Bed\u00fcrfnisse. Ob Hilfe bei der <strong>K\u00f6rperpflege<\/strong>, <strong>Unterst\u00fctzung beim Essen<\/strong> oder <strong>einfach nur ein Gespr\u00e4ch<\/strong> \u2013 wir sorgen daf\u00fcr, dass Sie sich sicher und geborgen f\u00fchlen. Unsere <strong>Betreuungskr\u00e4fte<\/strong> sind speziell geschult und passen sich flexibel an Ihre W\u00fcnsche und Anforderungen an.<\/p>\n\n<a class=\"button button-rounded button-large button-circle button-3d button-circle button-3d\" href=\"https:\/\/ks-seniorenservice.de\/\" target=\"_blank\" rel=\"noopener\">Zum unserem Partner<\/a>","protected":false},"excerpt":{"rendered":"<p>24-Stunden-Betreuung \u2013 Rund um die Uhr gut versorgt Bei uns erhalten Sie eine 24 Stunden Betreuung sowie Haushaltshilfe in den eigenen vier W\u00e4nden. Dies stellt eine optimale Alternative zu einem Altenpflegeheim. Wir k\u00fcmmern uns um alle Belange, die mir Ihrer Betreuung sowie Ihrer Haushaltsf\u00fchrung zu tun haben. Denn Sie sollen zu jederzeit eine gute h\u00e4usliche [&hellip;]<\/p>\n","protected":false},"author":1,"featured_media":0,"parent":0,"menu_order":0,"comment_status":"closed","ping_status":"closed","template":"","meta":{"footnotes":""},"class_list":["post-92","page","type-page","status-publish","hentry"],"_links":{"self":[{"href":"https:\/\/www.apk-pflegedienst.de\/index.php?rest_route=\/wp\/v2\/pages\/92","targetHints":{"allow":["GET"]}}],"collection":[{"href":"https:\/\/www.apk-pflegedienst.de\/index.php?rest_route=\/wp\/v2\/pages"}],"about":[{"href":"https:\/\/www.apk-pflegedienst.de\/index.php?rest_route=\/wp\/v2\/types\/page"}],"author":[{"embeddable":true,"href":"https:\/\/www.apk-pflegedienst.de\/index.php?rest_route=\/wp\/v2\/users\/1"}],"replies":[{"embeddable":true,"href":"https:\/\/www.apk-pflegedienst.de\/index.php?rest_route=%2Fwp%2Fv2%2Fcomments&post=92"}],"version-history":[{"count":1,"href":"https:\/\/www.apk-pflegedienst.de\/index.php?rest_route=\/wp\/v2\/pages\/92\/revisions"}],"predecessor-version":[{"id":93,"href":"https:\/\/www.apk-pflegedienst.de\/index.php?rest_route=\/wp\/v2\/pages\/92\/revisions\/93"}],"wp:attachment":[{"href":"https:\/\/www.apk-pflegedienst.de\/index.php?rest_route=%2Fwp%2Fv2%2Fmedia&parent=92"}],"curies":[{"name":"wp","href":"https:\/\/api.w.org\/{rel}","templated":true}]}}